{"id":2759,"date":"2022-02-28T17:41:16","date_gmt":"2022-02-28T16:41:16","guid":{"rendered":"https:\/\/lifezerosilibrine.eu\/resultados\/eventos-del-proyecto\/"},"modified":"2022-06-13T09:44:57","modified_gmt":"2022-06-13T07:44:57","slug":"eventos-del-proyecto","status":"publish","type":"page","link":"https:\/\/lifezerosilibrine.eu\/es\/resultados\/eventos-del-proyecto\/","title":{"rendered":"Eventos del proyecto"},"content":{"rendered":"\t\t<div data-elementor-type=\"wp-page\" data-elementor-id=\"2759\" class=\"elementor elementor-2759 elementor-1547\" data-elementor-post-type=\"page\">\n\t\t\t\t\t\t<section class=\"elementor-section elementor-top-section elementor-element elementor-element-406df099 elementor-section-height-min-height elementor-section-boxed elementor-section-height-default elementor-section-items-middle\" data-id=\"406df099\" data-element_type=\"section\" id=\"top\" data-settings=\"{&quot;background_background&quot;:&quot;classic&quot;}\">\n\t\t\t\t\t\t\t<div class=\"elementor-background-overlay\"><\/div>\n\t\t\t\t\t\t\t<div class=\"elementor-container elementor-column-gap-default\">\n\t\t\t\t\t<div class=\"elementor-column elementor-col-100 elementor-top-column elementor-element elementor-element-1f9dbf68\" data-id=\"1f9dbf68\" data-element_type=\"column\">\n\t\t\t<div class=\"elementor-widget-wrap elementor-element-populated\">\n\t\t\t\t\t\t<div class=\"elementor-element elementor-element-47474363 elementor-widget elementor-widget-heading\" data-id=\"47474363\" data-element_type=\"widget\" data-widget_type=\"heading.default\">\n\t\t\t\t<div class=\"elementor-widget-container\">\n\t\t\t<h1 class=\"elementor-heading-title elementor-size-default\">Eventos del proyecto<\/h1>\t\t<\/div>\n\t\t\t\t<\/div>\n\t\t\t\t\t<\/div>\n\t\t<\/div>\n\t\t\t\t\t<\/div>\n\t\t<\/section>\n\t\t\t\t<section class=\"elementor-section elementor-top-section elementor-element elementor-element-3ed224df elementor-section-boxed elementor-section-height-default elementor-section-height-default\" data-id=\"3ed224df\" data-element_type=\"section\" data-settings=\"{&quot;background_background&quot;:&quot;classic&quot;}\">\n\t\t\t\t\t\t\t<div class=\"elementor-background-overlay\"><\/div>\n\t\t\t\t\t\t\t<div class=\"elementor-container elementor-column-gap-default\">\n\t\t\t\t\t<div class=\"elementor-column elementor-col-100 elementor-top-column elementor-element elementor-element-311ddd74\" data-id=\"311ddd74\" data-element_type=\"column\">\n\t\t\t<div class=\"elementor-widget-wrap elementor-element-populated\">\n\t\t\t\t\t\t<section class=\"elementor-section elementor-inner-section elementor-element elementor-element-9613d4f elementor-section-boxed elementor-section-height-default elementor-section-height-default\" data-id=\"9613d4f\" data-element_type=\"section\">\n\t\t\t\t\t\t<div class=\"elementor-container elementor-column-gap-default\">\n\t\t\t\t\t<div class=\"elementor-column elementor-col-100 elementor-inner-column elementor-element elementor-element-5284fb77\" data-id=\"5284fb77\" data-element_type=\"column\">\n\t\t\t<div class=\"elementor-widget-wrap elementor-element-populated\">\n\t\t\t\t\t\t<div class=\"elementor-element elementor-element-21b47ff8 elementor-widget elementor-widget-breadcrumbs\" data-id=\"21b47ff8\" data-element_type=\"widget\" data-widget_type=\"breadcrumbs.default\">\n\t\t\t\t<div class=\"elementor-widget-container\">\n\t\t\t<p id=\"breadcrumbs\"><span><span><a href=\"https:\/\/lifezerosilibrine.eu\/es\/\">Home<\/a><\/span><\/span><\/p>\t\t<\/div>\n\t\t\t\t<\/div>\n\t\t\t\t\t<\/div>\n\t\t<\/div>\n\t\t\t\t\t<\/div>\n\t\t<\/section>\n\t\t\t\t\t<\/div>\n\t\t<\/div>\n\t\t\t\t\t<\/div>\n\t\t<\/section>\n\t\t\t\t<section class=\"elementor-section elementor-top-section elementor-element elementor-element-3ef15a7a elementor-section-boxed elementor-section-height-default elementor-section-height-default\" data-id=\"3ef15a7a\" data-element_type=\"section\" data-settings=\"{&quot;background_background&quot;:&quot;classic&quot;}\">\n\t\t\t\t\t\t<div class=\"elementor-container elementor-column-gap-default\">\n\t\t\t\t\t<div class=\"elementor-column elementor-col-100 elementor-top-column elementor-element elementor-element-f2749d8\" data-id=\"f2749d8\" data-element_type=\"column\">\n\t\t\t<div class=\"elementor-widget-wrap elementor-element-populated\">\n\t\t\t\t\t\t\t<\/div>\n\t\t<\/div>\n\t\t\t\t\t<\/div>\n\t\t<\/section>\n\t\t\t\t<section class=\"elementor-section elementor-top-section elementor-element elementor-element-f646048 elementor-section-content-middle elementor-section-boxed elementor-section-height-default elementor-section-height-default\" data-id=\"f646048\" data-element_type=\"section\" data-settings=\"{&quot;background_background&quot;:&quot;classic&quot;,&quot;shape_divider_top&quot;:&quot;waves&quot;}\">\n\t\t\t\t\t\t\t<div class=\"elementor-background-overlay\"><\/div>\n\t\t\t\t\t\t<div class=\"elementor-shape elementor-shape-top\" data-negative=\"false\">\n\t\t\t<svg xmlns=\"http:\/\/www.w3.org\/2000\/svg\" viewBox=\"0 0 1000 100\" preserveAspectRatio=\"none\">\n\t<path class=\"elementor-shape-fill\" d=\"M421.9,6.5c22.6-2.5,51.5,0.4,75.5,5.3c23.6,4.9,70.9,23.5,100.5,35.7c75.8,32.2,133.7,44.5,192.6,49.7\n\tc23.6,2.1,48.7,3.5,103.4-2.5c54.7-6,106.2-25.6,106.2-25.6V0H0v30.3c0,0,72,32.6,158.4,30.5c39.2-0.7,92.8-6.7,134-22.4\n\tc21.2-8.1,52.2-18.2,79.7-24.2C399.3,7.9,411.6,7.5,421.9,6.5z\"\/>\n<\/svg>\t\t<\/div>\n\t\t\t\t\t<div class=\"elementor-container elementor-column-gap-default\">\n\t\t\t\t\t<div class=\"elementor-column elementor-col-66 elementor-top-column elementor-element elementor-element-2b243062\" data-id=\"2b243062\" data-element_type=\"column\">\n\t\t\t<div class=\"elementor-widget-wrap elementor-element-populated\">\n\t\t\t\t\t\t<div class=\"elementor-element elementor-element-34b3473e elementor-widget elementor-widget-heading\" data-id=\"34b3473e\" data-element_type=\"widget\" data-widget_type=\"heading.default\">\n\t\t\t\t<div class=\"elementor-widget-container\">\n\t\t\t<h4 class=\"elementor-heading-title elementor-size-default\">Life Zerosilibrine<\/h4>\t\t<\/div>\n\t\t\t\t<\/div>\n\t\t\t\t<div class=\"elementor-element elementor-element-48cab257 elementor-widget elementor-widget-text-editor\" data-id=\"48cab257\" data-element_type=\"widget\" data-widget_type=\"text-editor.default\">\n\t\t\t\t<div class=\"elementor-widget-container\">\n\t\t\t\t\t\t\t<p>El Proyecto LIFE ZEROSILIBRINE es un PROYECTO PILOTO que aplica una tecnolog\u00eda innovadora para el tratamiento del vertido de s\u00edlice precipitada.<\/p>\t\t\t\t\t\t<\/div>\n\t\t\t\t<\/div>\n\t\t\t\t\t<\/div>\n\t\t<\/div>\n\t\t\t\t<div class=\"elementor-column elementor-col-33 elementor-top-column elementor-element elementor-element-25392cfe\" data-id=\"25392cfe\" data-element_type=\"column\">\n\t\t\t<div class=\"elementor-widget-wrap elementor-element-populated\">\n\t\t\t\t\t\t<section class=\"elementor-section elementor-inner-section elementor-element elementor-element-2608f0c4 elementor-section-content-middle elementor-section-boxed elementor-section-height-default elementor-section-height-default\" data-id=\"2608f0c4\" data-element_type=\"section\">\n\t\t\t\t\t\t<div class=\"elementor-container elementor-column-gap-default\">\n\t\t\t\t\t<div class=\"elementor-column elementor-col-100 elementor-inner-column elementor-element elementor-element-3110da8\" data-id=\"3110da8\" data-element_type=\"column\">\n\t\t\t<div class=\"elementor-widget-wrap elementor-element-populated\">\n\t\t\t\t\t\t<div class=\"elementor-element elementor-element-443592b7 elementor-align-justify elementor-widget elementor-widget-button\" data-id=\"443592b7\" data-element_type=\"widget\" data-widget_type=\"button.default\">\n\t\t\t\t<div class=\"elementor-widget-container\">\n\t\t\t\t\t<div class=\"elementor-button-wrapper\">\n\t\t\t<a class=\"elementor-button elementor-button-link elementor-size-lg\" href=\"https:\/\/lifezerosilibrine.eu\/en\/\">\n\t\t\t\t\t\t<span class=\"elementor-button-content-wrapper\">\n\t\t\t\t\t\t\t\t\t<span class=\"elementor-button-text\">Ir a la p\u00e1gina principal<\/span>\n\t\t\t\t\t<\/span>\n\t\t\t\t\t<\/a>\n\t\t<\/div>\n\t\t\t\t<\/div>\n\t\t\t\t<\/div>\n\t\t\t\t\t<\/div>\n\t\t<\/div>\n\t\t\t\t\t<\/div>\n\t\t<\/section>\n\t\t\t\t\t<\/div>\n\t\t<\/div>\n\t\t\t\t\t<\/div>\n\t\t<\/section>\n\t\t\t\t<\/div>\n\t\t","protected":false},"excerpt":{"rendered":"<p>Eventos del proyecto Life Zerosilibrine El Proyecto LIFE ZEROSILIBRINE es un PROYECTO PILOTO que aplica una tecnolog\u00eda innovadora para el tratamiento del vertido de s\u00edlice precipitada. Ir a la p\u00e1gina principal<\/p>\n","protected":false},"author":1,"featured_media":0,"parent":2716,"menu_order":0,"comment_status":"closed","ping_status":"closed","template":"","meta":{"footnotes":""},"class_list":["post-2759","page","type-page","status-publish","hentry"],"yoast_head":"<!-- This site is optimized with the Yoast SEO plugin v23.5 - https:\/\/yoast.com\/wordpress\/plugins\/seo\/ -->\n<title>Eventos del proyecto - Life Zero Sili Brine<\/title>\n<meta name=\"robots\" content=\"index, follow, max-snippet:-1, max-image-preview:large, max-video-preview:-1\" \/>\n<link rel=\"canonical\" href=\"https:\/\/lifezerosilibrine.eu\/es\/resultados\/eventos-del-proyecto\/\" \/>\n<meta property=\"og:locale\" content=\"es_ES\" \/>\n<meta property=\"og:type\" content=\"article\" \/>\n<meta property=\"og:title\" content=\"Eventos del proyecto - Life Zero Sili Brine\" \/>\n<meta property=\"og:description\" content=\"Eventos del proyecto Life Zerosilibrine El Proyecto LIFE ZEROSILIBRINE es un PROYECTO PILOTO que aplica una tecnolog\u00eda innovadora para el tratamiento del vertido de s\u00edlice precipitada. Ir a la p\u00e1gina principal\" \/>\n<meta property=\"og:url\" content=\"https:\/\/lifezerosilibrine.eu\/es\/resultados\/eventos-del-proyecto\/\" \/>\n<meta property=\"og:site_name\" content=\"Life Zero Sili Brine\" \/>\n<meta property=\"article:modified_time\" content=\"2022-06-13T07:44:57+00:00\" \/>\n<meta name=\"twitter:card\" content=\"summary_large_image\" \/>\n<script type=\"application\/ld+json\" class=\"yoast-schema-graph\">{\"@context\":\"https:\/\/schema.org\",\"@graph\":[{\"@type\":\"WebPage\",\"@id\":\"https:\/\/lifezerosilibrine.eu\/es\/resultados\/eventos-del-proyecto\/\",\"url\":\"https:\/\/lifezerosilibrine.eu\/es\/resultados\/eventos-del-proyecto\/\",\"name\":\"Eventos del proyecto - Life Zero Sili Brine\",\"isPartOf\":{\"@id\":\"https:\/\/lifezerosilibrine.eu\/#website\"},\"datePublished\":\"2022-02-28T16:41:16+00:00\",\"dateModified\":\"2022-06-13T07:44:57+00:00\",\"breadcrumb\":{\"@id\":\"https:\/\/lifezerosilibrine.eu\/es\/resultados\/eventos-del-proyecto\/#breadcrumb\"},\"inLanguage\":\"es\",\"potentialAction\":[{\"@type\":\"ReadAction\",\"target\":[\"https:\/\/lifezerosilibrine.eu\/es\/resultados\/eventos-del-proyecto\/\"]}]},{\"@type\":\"BreadcrumbList\",\"@id\":\"https:\/\/lifezerosilibrine.eu\/es\/resultados\/eventos-del-proyecto\/#breadcrumb\",\"itemListElement\":[{\"@type\":\"ListItem\",\"position\":1,\"name\":\"Home\",\"item\":\"https:\/\/lifezerosilibrine.eu\/es\/\"},{\"@type\":\"ListItem\",\"position\":2,\"name\":\"Resultados\",\"item\":\"https:\/\/lifezerosilibrine.eu\/es\/resultados\/\"},{\"@type\":\"ListItem\",\"position\":3,\"name\":\"Eventos del proyecto\"}]},{\"@type\":\"WebSite\",\"@id\":\"https:\/\/lifezerosilibrine.eu\/#website\",\"url\":\"https:\/\/lifezerosilibrine.eu\/\",\"name\":\"Life Zero Sili Brine\",\"description\":\"Tecnolog\u00edas innovadoras para el tratamiento del vertido producido en la producci\u00f3n de s\u00edlice precipitada\",\"publisher\":{\"@id\":\"https:\/\/lifezerosilibrine.eu\/#organization\"},\"potentialAction\":[{\"@type\":\"SearchAction\",\"target\":{\"@type\":\"EntryPoint\",\"urlTemplate\":\"https:\/\/lifezerosilibrine.eu\/?s={search_term_string}\"},\"query-input\":{\"@type\":\"PropertyValueSpecification\",\"valueRequired\":true,\"valueName\":\"search_term_string\"}}],\"inLanguage\":\"es\"},{\"@type\":\"Organization\",\"@id\":\"https:\/\/lifezerosilibrine.eu\/#organization\",\"name\":\"Life Zero Sili Brine\",\"url\":\"https:\/\/lifezerosilibrine.eu\/\",\"logo\":{\"@type\":\"ImageObject\",\"inLanguage\":\"es\",\"@id\":\"https:\/\/lifezerosilibrine.eu\/#\/schema\/logo\/image\/\",\"url\":\"https:\/\/lifezerosilibrine.eu\/wp-content\/uploads\/2022\/03\/logotipo-lifezerosilibrine.png\",\"contentUrl\":\"https:\/\/lifezerosilibrine.eu\/wp-content\/uploads\/2022\/03\/logotipo-lifezerosilibrine.png\",\"width\":1199,\"height\":587,\"caption\":\"Life Zero Sili Brine\"},\"image\":{\"@id\":\"https:\/\/lifezerosilibrine.eu\/#\/schema\/logo\/image\/\"}}]}<\/script>\n<!-- \/ Yoast SEO plugin. -->","yoast_head_json":{"title":"Eventos del proyecto - Life Zero Sili Brine","robots":{"index":"index","follow":"follow","max-snippet":"max-snippet:-1","max-image-preview":"max-image-preview:large","max-video-preview":"max-video-preview:-1"},"canonical":"https:\/\/lifezerosilibrine.eu\/es\/resultados\/eventos-del-proyecto\/","og_locale":"es_ES","og_type":"article","og_title":"Eventos del proyecto - Life Zero Sili Brine","og_description":"Eventos del proyecto Life Zerosilibrine El Proyecto LIFE ZEROSILIBRINE es un PROYECTO PILOTO que aplica una tecnolog\u00eda innovadora para el tratamiento del vertido de s\u00edlice precipitada. Ir a la p\u00e1gina principal","og_url":"https:\/\/lifezerosilibrine.eu\/es\/resultados\/eventos-del-proyecto\/","og_site_name":"Life Zero Sili Brine","article_modified_time":"2022-06-13T07:44:57+00:00","twitter_card":"summary_large_image","schema":{"@context":"https:\/\/schema.org","@graph":[{"@type":"WebPage","@id":"https:\/\/lifezerosilibrine.eu\/es\/resultados\/eventos-del-proyecto\/","url":"https:\/\/lifezerosilibrine.eu\/es\/resultados\/eventos-del-proyecto\/","name":"Eventos del proyecto - Life Zero Sili Brine","isPartOf":{"@id":"https:\/\/lifezerosilibrine.eu\/#website"},"datePublished":"2022-02-28T16:41:16+00:00","dateModified":"2022-06-13T07:44:57+00:00","breadcrumb":{"@id":"https:\/\/lifezerosilibrine.eu\/es\/resultados\/eventos-del-proyecto\/#breadcrumb"},"inLanguage":"es","potentialAction":[{"@type":"ReadAction","target":["https:\/\/lifezerosilibrine.eu\/es\/resultados\/eventos-del-proyecto\/"]}]},{"@type":"BreadcrumbList","@id":"https:\/\/lifezerosilibrine.eu\/es\/resultados\/eventos-del-proyecto\/#breadcrumb","itemListElement":[{"@type":"ListItem","position":1,"name":"Home","item":"https:\/\/lifezerosilibrine.eu\/es\/"},{"@type":"ListItem","position":2,"name":"Resultados","item":"https:\/\/lifezerosilibrine.eu\/es\/resultados\/"},{"@type":"ListItem","position":3,"name":"Eventos del proyecto"}]},{"@type":"WebSite","@id":"https:\/\/lifezerosilibrine.eu\/#website","url":"https:\/\/lifezerosilibrine.eu\/","name":"Life Zero Sili Brine","description":"Tecnolog\u00edas innovadoras para el tratamiento del vertido producido en la producci\u00f3n de s\u00edlice precipitada","publisher":{"@id":"https:\/\/lifezerosilibrine.eu\/#organization"},"potentialAction":[{"@type":"SearchAction","target":{"@type":"EntryPoint","urlTemplate":"https:\/\/lifezerosilibrine.eu\/?s={search_term_string}"},"query-input":{"@type":"PropertyValueSpecification","valueRequired":true,"valueName":"search_term_string"}}],"inLanguage":"es"},{"@type":"Organization","@id":"https:\/\/lifezerosilibrine.eu\/#organization","name":"Life Zero Sili Brine","url":"https:\/\/lifezerosilibrine.eu\/","logo":{"@type":"ImageObject","inLanguage":"es","@id":"https:\/\/lifezerosilibrine.eu\/#\/schema\/logo\/image\/","url":"https:\/\/lifezerosilibrine.eu\/wp-content\/uploads\/2022\/03\/logotipo-lifezerosilibrine.png","contentUrl":"https:\/\/lifezerosilibrine.eu\/wp-content\/uploads\/2022\/03\/logotipo-lifezerosilibrine.png","width":1199,"height":587,"caption":"Life Zero Sili Brine"},"image":{"@id":"https:\/\/lifezerosilibrine.eu\/#\/schema\/logo\/image\/"}}]}},"_links":{"self":[{"href":"https:\/\/lifezerosilibrine.eu\/es\/wp-json\/wp\/v2\/pages\/2759","targetHints":{"allow":["GET"]}}],"collection":[{"href":"https:\/\/lifezerosilibrine.eu\/es\/wp-json\/wp\/v2\/pages"}],"about":[{"href":"https:\/\/lifezerosilibrine.eu\/es\/wp-json\/wp\/v2\/types\/page"}],"author":[{"embeddable":true,"href":"https:\/\/lifezerosilibrine.eu\/es\/wp-json\/wp\/v2\/users\/1"}],"replies":[{"embeddable":true,"href":"https:\/\/lifezerosilibrine.eu\/es\/wp-json\/wp\/v2\/comments?post=2759"}],"version-history":[{"count":1,"href":"https:\/\/lifezerosilibrine.eu\/es\/wp-json\/wp\/v2\/pages\/2759\/revisions"}],"predecessor-version":[{"id":2760,"href":"https:\/\/lifezerosilibrine.eu\/es\/wp-json\/wp\/v2\/pages\/2759\/revisions\/2760"}],"up":[{"embeddable":true,"href":"https:\/\/lifezerosilibrine.eu\/es\/wp-json\/wp\/v2\/pages\/2716"}],"wp:attachment":[{"href":"https:\/\/lifezerosilibrine.eu\/es\/wp-json\/wp\/v2\/media?parent=2759"}],"curies":[{"name":"wp","href":"https:\/\/api.w.org\/{rel}","templated":true}]}}