{"id":2716,"date":"2022-02-24T10:01:44","date_gmt":"2022-02-24T09:01:44","guid":{"rendered":"https:\/\/lifezerosilibrine.eu\/resultados\/"},"modified":"2022-06-13T09:56:32","modified_gmt":"2022-06-13T07:56:32","slug":"resultados","status":"publish","type":"page","link":"https:\/\/lifezerosilibrine.eu\/es\/resultados\/","title":{"rendered":"Resultados"},"content":{"rendered":"\t\t<div data-elementor-type=\"wp-page\" data-elementor-id=\"2716\" class=\"elementor elementor-2716 elementor-1245\" data-elementor-post-type=\"page\">\n\t\t\t\t\t\t<section class=\"elementor-section elementor-top-section elementor-element elementor-element-2023f496 elementor-section-height-min-height elementor-section-boxed elementor-section-height-default elementor-section-items-middle\" data-id=\"2023f496\" data-element_type=\"section\" id=\"top\" data-settings=\"{&quot;background_background&quot;:&quot;classic&quot;}\">\n\t\t\t\t\t\t\t<div class=\"elementor-background-overlay\"><\/div>\n\t\t\t\t\t\t\t<div class=\"elementor-container elementor-column-gap-default\">\n\t\t\t\t\t<div class=\"elementor-column elementor-col-100 elementor-top-column elementor-element elementor-element-2528c4e\" data-id=\"2528c4e\" data-element_type=\"column\">\n\t\t\t<div class=\"elementor-widget-wrap elementor-element-populated\">\n\t\t\t\t\t\t<div class=\"elementor-element elementor-element-3cd4d20 elementor-widget elementor-widget-heading\" data-id=\"3cd4d20\" data-element_type=\"widget\" data-widget_type=\"heading.default\">\n\t\t\t\t<div class=\"elementor-widget-container\">\n\t\t\t<h1 class=\"elementor-heading-title elementor-size-default\">Resultados<\/h1>\t\t<\/div>\n\t\t\t\t<\/div>\n\t\t\t\t\t<\/div>\n\t\t<\/div>\n\t\t\t\t\t<\/div>\n\t\t<\/section>\n\t\t\t\t<section class=\"elementor-section elementor-top-section elementor-element elementor-element-7ff735a6 elementor-section-boxed elementor-section-height-default elementor-section-height-default\" data-id=\"7ff735a6\" data-element_type=\"section\" data-settings=\"{&quot;background_background&quot;:&quot;classic&quot;}\">\n\t\t\t\t\t\t\t<div class=\"elementor-background-overlay\"><\/div>\n\t\t\t\t\t\t\t<div class=\"elementor-container elementor-column-gap-default\">\n\t\t\t\t\t<div class=\"elementor-column elementor-col-100 elementor-top-column elementor-element elementor-element-5dbf40d5\" data-id=\"5dbf40d5\" data-element_type=\"column\">\n\t\t\t<div class=\"elementor-widget-wrap elementor-element-populated\">\n\t\t\t\t\t\t<section class=\"elementor-section elementor-inner-section elementor-element elementor-element-6fcff7d9 elementor-section-boxed elementor-section-height-default elementor-section-height-default\" data-id=\"6fcff7d9\" data-element_type=\"section\">\n\t\t\t\t\t\t<div class=\"elementor-container elementor-column-gap-default\">\n\t\t\t\t\t<div class=\"elementor-column elementor-col-100 elementor-inner-column elementor-element elementor-element-3e85bce6\" data-id=\"3e85bce6\" data-element_type=\"column\">\n\t\t\t<div class=\"elementor-widget-wrap elementor-element-populated\">\n\t\t\t\t\t\t<div class=\"elementor-element elementor-element-205e4dc elementor-widget elementor-widget-breadcrumbs\" data-id=\"205e4dc\" data-element_type=\"widget\" data-widget_type=\"breadcrumbs.default\">\n\t\t\t\t<div class=\"elementor-widget-container\">\n\t\t\t<p id=\"breadcrumbs\"><span><span><a href=\"https:\/\/lifezerosilibrine.eu\/es\/\">Home<\/a><\/span><\/span><\/p>\t\t<\/div>\n\t\t\t\t<\/div>\n\t\t\t\t\t<\/div>\n\t\t<\/div>\n\t\t\t\t\t<\/div>\n\t\t<\/section>\n\t\t\t\t\t<\/div>\n\t\t<\/div>\n\t\t\t\t\t<\/div>\n\t\t<\/section>\n\t\t\t\t<section class=\"elementor-section elementor-top-section elementor-element elementor-element-1dbcd31a elementor-section-boxed elementor-section-height-default elementor-section-height-default\" data-id=\"1dbcd31a\" data-element_type=\"section\" data-settings=\"{&quot;background_background&quot;:&quot;classic&quot;}\">\n\t\t\t\t\t\t\t<div class=\"elementor-background-overlay\"><\/div>\n\t\t\t\t\t\t\t<div class=\"elementor-container elementor-column-gap-default\">\n\t\t\t\t\t<div class=\"elementor-column elementor-col-100 elementor-top-column elementor-element elementor-element-21711cc2\" data-id=\"21711cc2\" data-element_type=\"column\">\n\t\t\t<div class=\"elementor-widget-wrap elementor-element-populated\">\n\t\t\t\t\t\t<section class=\"elementor-section elementor-inner-section elementor-element elementor-element-5d91fa8d elementor-section-boxed elementor-section-height-default elementor-section-height-default\" data-id=\"5d91fa8d\" data-element_type=\"section\">\n\t\t\t\t\t\t<div class=\"elementor-container elementor-column-gap-wider\">\n\t\t\t\t\t<div class=\"elementor-column elementor-col-33 elementor-inner-column elementor-element elementor-element-66d48a2a\" data-id=\"66d48a2a\" data-element_type=\"column\">\n\t\t\t<div class=\"elementor-widget-wrap elementor-element-populated\">\n\t\t\t\t\t\t<div class=\"elementor-element elementor-element-16b239e8 elementor-widget elementor-widget-image\" data-id=\"16b239e8\" data-element_type=\"widget\" data-widget_type=\"image.default\">\n\t\t\t\t<div class=\"elementor-widget-container\">\n\t\t\t\t\t\t\t\t\t\t\t\t\t\t<a href=\"https:\/\/lifezerosilibrine.eu\/en\/deliverables\/\">\n\t\t\t\t\t\t\t<img fetchpriority=\"high\" decoding=\"async\" width=\"647\" height=\"431\" src=\"https:\/\/lifezerosilibrine.eu\/wp-content\/uploads\/2022\/02\/logo-life-zero-sili-brine.jpg\" class=\"attachment-large size-large wp-image-1488\" alt=\"\" srcset=\"https:\/\/lifezerosilibrine.eu\/wp-content\/uploads\/2022\/02\/logo-life-zero-sili-brine.jpg 647w, https:\/\/lifezerosilibrine.eu\/wp-content\/uploads\/2022\/02\/logo-life-zero-sili-brine-300x200.jpg 300w\" sizes=\"(max-width: 647px) 100vw, 647px\" \/>\t\t\t\t\t\t\t\t<\/a>\n\t\t\t\t\t\t\t\t\t\t\t\t\t<\/div>\n\t\t\t\t<\/div>\n\t\t\t\t\t<\/div>\n\t\t<\/div>\n\t\t\t\t<div class=\"elementor-column elementor-col-66 elementor-inner-column elementor-element elementor-element-3a305d6c\" data-id=\"3a305d6c\" data-element_type=\"column\">\n\t\t\t<div class=\"elementor-widget-wrap elementor-element-populated\">\n\t\t\t\t\t\t<div class=\"elementor-element elementor-element-15c6a6fc elementor-widget elementor-widget-heading\" data-id=\"15c6a6fc\" data-element_type=\"widget\" data-widget_type=\"heading.default\">\n\t\t\t\t<div class=\"elementor-widget-container\">\n\t\t\t<h3 class=\"elementor-heading-title elementor-size-default\">Eventos del proyecto<\/h3>\t\t<\/div>\n\t\t\t\t<\/div>\n\t\t\t\t<div class=\"elementor-element elementor-element-7abffa59 elementor-align-left elementor-mobile-align-justify elementor-widget elementor-widget-button\" data-id=\"7abffa59\" data-element_type=\"widget\" data-widget_type=\"button.default\">\n\t\t\t\t<div class=\"elementor-widget-container\">\n\t\t\t\t\t<div class=\"elementor-button-wrapper\">\n\t\t\t<a class=\"elementor-button elementor-button-link elementor-size-lg\" href=\"https:\/\/lifezerosilibrine.eu\/es\/resultados\/entregables\/\">\n\t\t\t\t\t\t<span class=\"elementor-button-content-wrapper\">\n\t\t\t\t\t\t\t\t\t<span class=\"elementor-button-text\">Leer m\u00e1s<\/span>\n\t\t\t\t\t<\/span>\n\t\t\t\t\t<\/a>\n\t\t<\/div>\n\t\t\t\t<\/div>\n\t\t\t\t<\/div>\n\t\t\t\t\t<\/div>\n\t\t<\/div>\n\t\t\t\t\t<\/div>\n\t\t<\/section>\n\t\t\t\t<section class=\"elementor-section elementor-inner-section elementor-element elementor-element-4edda9e elementor-section-boxed elementor-section-height-default elementor-section-height-default\" data-id=\"4edda9e\" data-element_type=\"section\">\n\t\t\t\t\t\t<div class=\"elementor-container elementor-column-gap-wider\">\n\t\t\t\t\t<div class=\"elementor-column elementor-col-33 elementor-inner-column elementor-element elementor-element-14c29bd\" data-id=\"14c29bd\" data-element_type=\"column\">\n\t\t\t<div class=\"elementor-widget-wrap elementor-element-populated\">\n\t\t\t\t\t\t<div class=\"elementor-element elementor-element-8dcb7fa elementor-widget elementor-widget-image\" data-id=\"8dcb7fa\" data-element_type=\"widget\" data-widget_type=\"image.default\">\n\t\t\t\t<div class=\"elementor-widget-container\">\n\t\t\t\t\t\t\t\t\t\t\t\t\t\t<a href=\"https:\/\/lifezerosilibrine.eu\/en\/deliverables\/\">\n\t\t\t\t\t\t\t<img decoding=\"async\" width=\"800\" height=\"534\" src=\"https:\/\/lifezerosilibrine.eu\/wp-content\/uploads\/2022\/03\/lifezersilibrine-deliverables.jpg\" class=\"attachment-large size-large wp-image-2100\" alt=\"\" srcset=\"https:\/\/lifezerosilibrine.eu\/wp-content\/uploads\/2022\/03\/lifezersilibrine-deliverables.jpg 1024w, https:\/\/lifezerosilibrine.eu\/wp-content\/uploads\/2022\/03\/lifezersilibrine-deliverables-300x200.jpg 300w, https:\/\/lifezerosilibrine.eu\/wp-content\/uploads\/2022\/03\/lifezersilibrine-deliverables-768x512.jpg 768w\" sizes=\"(max-width: 800px) 100vw, 800px\" \/>\t\t\t\t\t\t\t\t<\/a>\n\t\t\t\t\t\t\t\t\t\t\t\t\t<\/div>\n\t\t\t\t<\/div>\n\t\t\t\t\t<\/div>\n\t\t<\/div>\n\t\t\t\t<div class=\"elementor-column elementor-col-66 elementor-inner-column elementor-element elementor-element-0fc9952\" data-id=\"0fc9952\" data-element_type=\"column\">\n\t\t\t<div class=\"elementor-widget-wrap elementor-element-populated\">\n\t\t\t\t\t\t<div class=\"elementor-element elementor-element-b17de46 elementor-widget elementor-widget-heading\" data-id=\"b17de46\" data-element_type=\"widget\" data-widget_type=\"heading.default\">\n\t\t\t\t<div class=\"elementor-widget-container\">\n\t\t\t<h3 class=\"elementor-heading-title elementor-size-default\">Entregables<\/h3>\t\t<\/div>\n\t\t\t\t<\/div>\n\t\t\t\t<div class=\"elementor-element elementor-element-4b156fe elementor-align-left elementor-mobile-align-justify elementor-widget elementor-widget-button\" data-id=\"4b156fe\" data-element_type=\"widget\" data-widget_type=\"button.default\">\n\t\t\t\t<div class=\"elementor-widget-container\">\n\t\t\t\t\t<div class=\"elementor-button-wrapper\">\n\t\t\t<a class=\"elementor-button elementor-button-link elementor-size-lg\" href=\"https:\/\/lifezerosilibrine.eu\/en\/deliverables\/\">\n\t\t\t\t\t\t<span class=\"elementor-button-content-wrapper\">\n\t\t\t\t\t\t\t\t\t<span class=\"elementor-button-text\">Read more<\/span>\n\t\t\t\t\t<\/span>\n\t\t\t\t\t<\/a>\n\t\t<\/div>\n\t\t\t\t<\/div>\n\t\t\t\t<\/div>\n\t\t\t\t\t<\/div>\n\t\t<\/div>\n\t\t\t\t\t<\/div>\n\t\t<\/section>\n\t\t\t\t<section class=\"elementor-section elementor-inner-section elementor-element elementor-element-51c183f3 elementor-section-boxed elementor-section-height-default elementor-section-height-default\" data-id=\"51c183f3\" data-element_type=\"section\">\n\t\t\t\t\t\t<div class=\"elementor-container elementor-column-gap-wider\">\n\t\t\t\t\t<div class=\"elementor-column elementor-col-33 elementor-inner-column elementor-element elementor-element-42a14b78\" data-id=\"42a14b78\" data-element_type=\"column\">\n\t\t\t<div class=\"elementor-widget-wrap elementor-element-populated\">\n\t\t\t\t\t\t<div class=\"elementor-element elementor-element-570084d8 elementor-widget elementor-widget-image\" data-id=\"570084d8\" data-element_type=\"widget\" data-widget_type=\"image.default\">\n\t\t\t\t<div class=\"elementor-widget-container\">\n\t\t\t\t\t\t\t\t\t\t\t\t\t\t<a href=\"https:\/\/lifezerosilibrine.eu\/en\/milestones\/\">\n\t\t\t\t\t\t\t<img decoding=\"async\" width=\"800\" height=\"534\" src=\"https:\/\/lifezerosilibrine.eu\/wp-content\/uploads\/2022\/03\/lifezersilibrine-milestones.jpg\" class=\"attachment-large size-large wp-image-2103\" alt=\"\" srcset=\"https:\/\/lifezerosilibrine.eu\/wp-content\/uploads\/2022\/03\/lifezersilibrine-milestones.jpg 1024w, https:\/\/lifezerosilibrine.eu\/wp-content\/uploads\/2022\/03\/lifezersilibrine-milestones-300x200.jpg 300w, https:\/\/lifezerosilibrine.eu\/wp-content\/uploads\/2022\/03\/lifezersilibrine-milestones-768x512.jpg 768w\" sizes=\"(max-width: 800px) 100vw, 800px\" \/>\t\t\t\t\t\t\t\t<\/a>\n\t\t\t\t\t\t\t\t\t\t\t\t\t<\/div>\n\t\t\t\t<\/div>\n\t\t\t\t\t<\/div>\n\t\t<\/div>\n\t\t\t\t<div class=\"elementor-column elementor-col-66 elementor-inner-column elementor-element elementor-element-27a1d8aa\" data-id=\"27a1d8aa\" data-element_type=\"column\">\n\t\t\t<div class=\"elementor-widget-wrap elementor-element-populated\">\n\t\t\t\t\t\t<div class=\"elementor-element elementor-element-1b4b2552 elementor-widget elementor-widget-heading\" data-id=\"1b4b2552\" data-element_type=\"widget\" data-widget_type=\"heading.default\">\n\t\t\t\t<div class=\"elementor-widget-container\">\n\t\t\t<h3 class=\"elementor-heading-title elementor-size-default\">Hitos<\/h3>\t\t<\/div>\n\t\t\t\t<\/div>\n\t\t\t\t<div class=\"elementor-element elementor-element-56112896 elementor-align-left elementor-mobile-align-justify elementor-widget elementor-widget-button\" data-id=\"56112896\" data-element_type=\"widget\" data-widget_type=\"button.default\">\n\t\t\t\t<div class=\"elementor-widget-container\">\n\t\t\t\t\t<div class=\"elementor-button-wrapper\">\n\t\t\t<a class=\"elementor-button elementor-button-link elementor-size-lg\" href=\"https:\/\/lifezerosilibrine.eu\/es\/resultados\/hitos\/\">\n\t\t\t\t\t\t<span class=\"elementor-button-content-wrapper\">\n\t\t\t\t\t\t\t\t\t<span class=\"elementor-button-text\">Leer m\u00e1s<\/span>\n\t\t\t\t\t<\/span>\n\t\t\t\t\t<\/a>\n\t\t<\/div>\n\t\t\t\t<\/div>\n\t\t\t\t<\/div>\n\t\t\t\t\t<\/div>\n\t\t<\/div>\n\t\t\t\t\t<\/div>\n\t\t<\/section>\n\t\t\t\t\t<\/div>\n\t\t<\/div>\n\t\t\t\t\t<\/div>\n\t\t<\/section>\n\t\t\t\t<section class=\"elementor-section elementor-top-section elementor-element elementor-element-4b18875d elementor-section-content-middle elementor-section-boxed elementor-section-height-default elementor-section-height-default\" data-id=\"4b18875d\" data-element_type=\"section\" data-settings=\"{&quot;background_background&quot;:&quot;classic&quot;,&quot;shape_divider_top&quot;:&quot;waves&quot;}\">\n\t\t\t\t\t\t\t<div class=\"elementor-background-overlay\"><\/div>\n\t\t\t\t\t\t<div class=\"elementor-shape elementor-shape-top\" data-negative=\"false\">\n\t\t\t<svg xmlns=\"http:\/\/www.w3.org\/2000\/svg\" viewBox=\"0 0 1000 100\" preserveAspectRatio=\"none\">\n\t<path class=\"elementor-shape-fill\" d=\"M421.9,6.5c22.6-2.5,51.5,0.4,75.5,5.3c23.6,4.9,70.9,23.5,100.5,35.7c75.8,32.2,133.7,44.5,192.6,49.7\n\tc23.6,2.1,48.7,3.5,103.4-2.5c54.7-6,106.2-25.6,106.2-25.6V0H0v30.3c0,0,72,32.6,158.4,30.5c39.2-0.7,92.8-6.7,134-22.4\n\tc21.2-8.1,52.2-18.2,79.7-24.2C399.3,7.9,411.6,7.5,421.9,6.5z\"\/>\n<\/svg>\t\t<\/div>\n\t\t\t\t\t<div class=\"elementor-container elementor-column-gap-default\">\n\t\t\t\t\t<div class=\"elementor-column elementor-col-66 elementor-top-column elementor-element elementor-element-537b3b01\" data-id=\"537b3b01\" data-element_type=\"column\">\n\t\t\t<div class=\"elementor-widget-wrap elementor-element-populated\">\n\t\t\t\t\t\t<div class=\"elementor-element elementor-element-cbd4c97 elementor-widget elementor-widget-heading\" data-id=\"cbd4c97\" data-element_type=\"widget\" data-widget_type=\"heading.default\">\n\t\t\t\t<div class=\"elementor-widget-container\">\n\t\t\t<h4 class=\"elementor-heading-title elementor-size-default\">Life Zerosilibrine<\/h4>\t\t<\/div>\n\t\t\t\t<\/div>\n\t\t\t\t<div class=\"elementor-element elementor-element-5af574ce elementor-widget elementor-widget-text-editor\" data-id=\"5af574ce\" data-element_type=\"widget\" data-widget_type=\"text-editor.default\">\n\t\t\t\t<div class=\"elementor-widget-container\">\n\t\t\t\t\t\t\t<p>El Proyecto LIFE ZEROSILIBRINE es un PROYECTO PILOTO que aplica una tecnolog\u00eda innovadora para el tratamiento del vertido de s\u00edlice precipitada.<\/p>\t\t\t\t\t\t<\/div>\n\t\t\t\t<\/div>\n\t\t\t\t\t<\/div>\n\t\t<\/div>\n\t\t\t\t<div class=\"elementor-column elementor-col-33 elementor-top-column elementor-element elementor-element-2db29fba\" data-id=\"2db29fba\" data-element_type=\"column\">\n\t\t\t<div class=\"elementor-widget-wrap elementor-element-populated\">\n\t\t\t\t\t\t<section class=\"elementor-section elementor-inner-section elementor-element elementor-element-22ca0eeb elementor-section-content-middle elementor-section-boxed elementor-section-height-default elementor-section-height-default\" data-id=\"22ca0eeb\" data-element_type=\"section\">\n\t\t\t\t\t\t<div class=\"elementor-container elementor-column-gap-default\">\n\t\t\t\t\t<div class=\"elementor-column elementor-col-100 elementor-inner-column elementor-element elementor-element-4c12b3f1\" data-id=\"4c12b3f1\" data-element_type=\"column\">\n\t\t\t<div class=\"elementor-widget-wrap elementor-element-populated\">\n\t\t\t\t\t\t<div class=\"elementor-element elementor-element-36a4c617 elementor-align-justify elementor-widget elementor-widget-button\" data-id=\"36a4c617\" data-element_type=\"widget\" data-widget_type=\"button.default\">\n\t\t\t\t<div class=\"elementor-widget-container\">\n\t\t\t\t\t<div class=\"elementor-button-wrapper\">\n\t\t\t<a class=\"elementor-button elementor-button-link elementor-size-lg\" href=\"https:\/\/lifezerosilibrine.eu\/en\/\">\n\t\t\t\t\t\t<span class=\"elementor-button-content-wrapper\">\n\t\t\t\t\t\t\t\t\t<span class=\"elementor-button-text\">Ir a la p\u00e1gina principal<\/span>\n\t\t\t\t\t<\/span>\n\t\t\t\t\t<\/a>\n\t\t<\/div>\n\t\t\t\t<\/div>\n\t\t\t\t<\/div>\n\t\t\t\t\t<\/div>\n\t\t<\/div>\n\t\t\t\t\t<\/div>\n\t\t<\/section>\n\t\t\t\t\t<\/div>\n\t\t<\/div>\n\t\t\t\t\t<\/div>\n\t\t<\/section>\n\t\t\t\t<\/div>\n\t\t","protected":false},"excerpt":{"rendered":"<p>Resultados Eventos del proyecto Leer m\u00e1s Entregables Read more Hitos Leer m\u00e1s Life Zerosilibrine El Proyecto LIFE ZEROSILIBRINE es un PROYECTO PILOTO que aplica una tecnolog\u00eda innovadora para el tratamiento del vertido de s\u00edlice precipitada. Ir a la p\u00e1gina principal<\/p>\n","protected":false},"author":1,"featured_media":0,"parent":0,"menu_order":0,"comment_status":"closed","ping_status":"closed","template":"","meta":{"footnotes":""},"class_list":["post-2716","page","type-page","status-publish","hentry"],"yoast_head":"<!-- This site is optimized with the Yoast SEO plugin v23.5 - https:\/\/yoast.com\/wordpress\/plugins\/seo\/ -->\n<title>Resultados - Life Zero Sili Brine<\/title>\n<meta name=\"robots\" content=\"index, follow, max-snippet:-1, max-image-preview:large, max-video-preview:-1\" \/>\n<link rel=\"canonical\" href=\"https:\/\/lifezerosilibrine.eu\/es\/resultados\/\" \/>\n<meta property=\"og:locale\" content=\"es_ES\" \/>\n<meta property=\"og:type\" content=\"article\" \/>\n<meta property=\"og:title\" content=\"Resultados - Life Zero Sili Brine\" \/>\n<meta property=\"og:description\" content=\"Resultados Eventos del proyecto Leer m\u00e1s Entregables Read more Hitos Leer m\u00e1s Life Zerosilibrine El Proyecto LIFE ZEROSILIBRINE es un PROYECTO PILOTO que aplica una tecnolog\u00eda innovadora para el tratamiento del vertido de s\u00edlice precipitada. Ir a la p\u00e1gina principal\" \/>\n<meta property=\"og:url\" content=\"https:\/\/lifezerosilibrine.eu\/es\/resultados\/\" \/>\n<meta property=\"og:site_name\" content=\"Life Zero Sili Brine\" \/>\n<meta property=\"article:modified_time\" content=\"2022-06-13T07:56:32+00:00\" \/>\n<meta property=\"og:image\" content=\"https:\/\/lifezerosilibrine.eu\/wp-content\/uploads\/2022\/02\/logo-life-zero-sili-brine.jpg\" \/>\n<meta name=\"twitter:card\" content=\"summary_large_image\" \/>\n<meta name=\"twitter:label1\" content=\"Tiempo de lectura\" \/>\n\t<meta name=\"twitter:data1\" content=\"1 minuto\" \/>\n<script type=\"application\/ld+json\" class=\"yoast-schema-graph\">{\"@context\":\"https:\/\/schema.org\",\"@graph\":[{\"@type\":\"WebPage\",\"@id\":\"https:\/\/lifezerosilibrine.eu\/es\/resultados\/\",\"url\":\"https:\/\/lifezerosilibrine.eu\/es\/resultados\/\",\"name\":\"Resultados - Life Zero Sili Brine\",\"isPartOf\":{\"@id\":\"https:\/\/lifezerosilibrine.eu\/#website\"},\"primaryImageOfPage\":{\"@id\":\"https:\/\/lifezerosilibrine.eu\/es\/resultados\/#primaryimage\"},\"image\":{\"@id\":\"https:\/\/lifezerosilibrine.eu\/es\/resultados\/#primaryimage\"},\"thumbnailUrl\":\"https:\/\/lifezerosilibrine.eu\/wp-content\/uploads\/2022\/02\/logo-life-zero-sili-brine.jpg\",\"datePublished\":\"2022-02-24T09:01:44+00:00\",\"dateModified\":\"2022-06-13T07:56:32+00:00\",\"breadcrumb\":{\"@id\":\"https:\/\/lifezerosilibrine.eu\/es\/resultados\/#breadcrumb\"},\"inLanguage\":\"es\",\"potentialAction\":[{\"@type\":\"ReadAction\",\"target\":[\"https:\/\/lifezerosilibrine.eu\/es\/resultados\/\"]}]},{\"@type\":\"ImageObject\",\"inLanguage\":\"es\",\"@id\":\"https:\/\/lifezerosilibrine.eu\/es\/resultados\/#primaryimage\",\"url\":\"https:\/\/lifezerosilibrine.eu\/wp-content\/uploads\/2022\/02\/logo-life-zero-sili-brine.jpg\",\"contentUrl\":\"https:\/\/lifezerosilibrine.eu\/wp-content\/uploads\/2022\/02\/logo-life-zero-sili-brine.jpg\"},{\"@type\":\"BreadcrumbList\",\"@id\":\"https:\/\/lifezerosilibrine.eu\/es\/resultados\/#breadcrumb\",\"itemListElement\":[{\"@type\":\"ListItem\",\"position\":1,\"name\":\"Home\",\"item\":\"https:\/\/lifezerosilibrine.eu\/es\/\"},{\"@type\":\"ListItem\",\"position\":2,\"name\":\"Resultados\"}]},{\"@type\":\"WebSite\",\"@id\":\"https:\/\/lifezerosilibrine.eu\/#website\",\"url\":\"https:\/\/lifezerosilibrine.eu\/\",\"name\":\"Life Zero Sili Brine\",\"description\":\"Tecnolog\u00edas innovadoras para el tratamiento del vertido producido en la producci\u00f3n de s\u00edlice precipitada\",\"publisher\":{\"@id\":\"https:\/\/lifezerosilibrine.eu\/#organization\"},\"potentialAction\":[{\"@type\":\"SearchAction\",\"target\":{\"@type\":\"EntryPoint\",\"urlTemplate\":\"https:\/\/lifezerosilibrine.eu\/?s={search_term_string}\"},\"query-input\":{\"@type\":\"PropertyValueSpecification\",\"valueRequired\":true,\"valueName\":\"search_term_string\"}}],\"inLanguage\":\"es\"},{\"@type\":\"Organization\",\"@id\":\"https:\/\/lifezerosilibrine.eu\/#organization\",\"name\":\"Life Zero Sili Brine\",\"url\":\"https:\/\/lifezerosilibrine.eu\/\",\"logo\":{\"@type\":\"ImageObject\",\"inLanguage\":\"es\",\"@id\":\"https:\/\/lifezerosilibrine.eu\/#\/schema\/logo\/image\/\",\"url\":\"https:\/\/lifezerosilibrine.eu\/wp-content\/uploads\/2022\/03\/logotipo-lifezerosilibrine.png\",\"contentUrl\":\"https:\/\/lifezerosilibrine.eu\/wp-content\/uploads\/2022\/03\/logotipo-lifezerosilibrine.png\",\"width\":1199,\"height\":587,\"caption\":\"Life Zero Sili Brine\"},\"image\":{\"@id\":\"https:\/\/lifezerosilibrine.eu\/#\/schema\/logo\/image\/\"}}]}<\/script>\n<!-- \/ Yoast SEO plugin. -->","yoast_head_json":{"title":"Resultados - Life Zero Sili Brine","robots":{"index":"index","follow":"follow","max-snippet":"max-snippet:-1","max-image-preview":"max-image-preview:large","max-video-preview":"max-video-preview:-1"},"canonical":"https:\/\/lifezerosilibrine.eu\/es\/resultados\/","og_locale":"es_ES","og_type":"article","og_title":"Resultados - Life Zero Sili Brine","og_description":"Resultados Eventos del proyecto Leer m\u00e1s Entregables Read more Hitos Leer m\u00e1s Life Zerosilibrine El Proyecto LIFE ZEROSILIBRINE es un PROYECTO PILOTO que aplica una tecnolog\u00eda innovadora para el tratamiento del vertido de s\u00edlice precipitada. Ir a la p\u00e1gina principal","og_url":"https:\/\/lifezerosilibrine.eu\/es\/resultados\/","og_site_name":"Life Zero Sili Brine","article_modified_time":"2022-06-13T07:56:32+00:00","og_image":[{"url":"https:\/\/lifezerosilibrine.eu\/wp-content\/uploads\/2022\/02\/logo-life-zero-sili-brine.jpg"}],"twitter_card":"summary_large_image","twitter_misc":{"Tiempo de lectura":"1 minuto"},"schema":{"@context":"https:\/\/schema.org","@graph":[{"@type":"WebPage","@id":"https:\/\/lifezerosilibrine.eu\/es\/resultados\/","url":"https:\/\/lifezerosilibrine.eu\/es\/resultados\/","name":"Resultados - Life Zero Sili Brine","isPartOf":{"@id":"https:\/\/lifezerosilibrine.eu\/#website"},"primaryImageOfPage":{"@id":"https:\/\/lifezerosilibrine.eu\/es\/resultados\/#primaryimage"},"image":{"@id":"https:\/\/lifezerosilibrine.eu\/es\/resultados\/#primaryimage"},"thumbnailUrl":"https:\/\/lifezerosilibrine.eu\/wp-content\/uploads\/2022\/02\/logo-life-zero-sili-brine.jpg","datePublished":"2022-02-24T09:01:44+00:00","dateModified":"2022-06-13T07:56:32+00:00","breadcrumb":{"@id":"https:\/\/lifezerosilibrine.eu\/es\/resultados\/#breadcrumb"},"inLanguage":"es","potentialAction":[{"@type":"ReadAction","target":["https:\/\/lifezerosilibrine.eu\/es\/resultados\/"]}]},{"@type":"ImageObject","inLanguage":"es","@id":"https:\/\/lifezerosilibrine.eu\/es\/resultados\/#primaryimage","url":"https:\/\/lifezerosilibrine.eu\/wp-content\/uploads\/2022\/02\/logo-life-zero-sili-brine.jpg","contentUrl":"https:\/\/lifezerosilibrine.eu\/wp-content\/uploads\/2022\/02\/logo-life-zero-sili-brine.jpg"},{"@type":"BreadcrumbList","@id":"https:\/\/lifezerosilibrine.eu\/es\/resultados\/#breadcrumb","itemListElement":[{"@type":"ListItem","position":1,"name":"Home","item":"https:\/\/lifezerosilibrine.eu\/es\/"},{"@type":"ListItem","position":2,"name":"Resultados"}]},{"@type":"WebSite","@id":"https:\/\/lifezerosilibrine.eu\/#website","url":"https:\/\/lifezerosilibrine.eu\/","name":"Life Zero Sili Brine","description":"Tecnolog\u00edas innovadoras para el tratamiento del vertido producido en la producci\u00f3n de s\u00edlice precipitada","publisher":{"@id":"https:\/\/lifezerosilibrine.eu\/#organization"},"potentialAction":[{"@type":"SearchAction","target":{"@type":"EntryPoint","urlTemplate":"https:\/\/lifezerosilibrine.eu\/?s={search_term_string}"},"query-input":{"@type":"PropertyValueSpecification","valueRequired":true,"valueName":"search_term_string"}}],"inLanguage":"es"},{"@type":"Organization","@id":"https:\/\/lifezerosilibrine.eu\/#organization","name":"Life Zero Sili Brine","url":"https:\/\/lifezerosilibrine.eu\/","logo":{"@type":"ImageObject","inLanguage":"es","@id":"https:\/\/lifezerosilibrine.eu\/#\/schema\/logo\/image\/","url":"https:\/\/lifezerosilibrine.eu\/wp-content\/uploads\/2022\/03\/logotipo-lifezerosilibrine.png","contentUrl":"https:\/\/lifezerosilibrine.eu\/wp-content\/uploads\/2022\/03\/logotipo-lifezerosilibrine.png","width":1199,"height":587,"caption":"Life Zero Sili Brine"},"image":{"@id":"https:\/\/lifezerosilibrine.eu\/#\/schema\/logo\/image\/"}}]}},"_links":{"self":[{"href":"https:\/\/lifezerosilibrine.eu\/es\/wp-json\/wp\/v2\/pages\/2716","targetHints":{"allow":["GET"]}}],"collection":[{"href":"https:\/\/lifezerosilibrine.eu\/es\/wp-json\/wp\/v2\/pages"}],"about":[{"href":"https:\/\/lifezerosilibrine.eu\/es\/wp-json\/wp\/v2\/types\/page"}],"author":[{"embeddable":true,"href":"https:\/\/lifezerosilibrine.eu\/es\/wp-json\/wp\/v2\/users\/1"}],"replies":[{"embeddable":true,"href":"https:\/\/lifezerosilibrine.eu\/es\/wp-json\/wp\/v2\/comments?post=2716"}],"version-history":[{"count":7,"href":"https:\/\/lifezerosilibrine.eu\/es\/wp-json\/wp\/v2\/pages\/2716\/revisions"}],"predecessor-version":[{"id":2795,"href":"https:\/\/lifezerosilibrine.eu\/es\/wp-json\/wp\/v2\/pages\/2716\/revisions\/2795"}],"wp:attachment":[{"href":"https:\/\/lifezerosilibrine.eu\/es\/wp-json\/wp\/v2\/media?parent=2716"}],"curies":[{"name":"wp","href":"https:\/\/api.w.org\/{rel}","templated":true}]}}