{"id":1482,"date":"2022-02-24T15:47:26","date_gmt":"2022-02-24T14:47:26","guid":{"rendered":"https:\/\/lifezerosilibrine.eu\/legal-notice\/"},"modified":"2022-03-16T10:33:40","modified_gmt":"2022-03-16T09:33:40","slug":"aviso-legal","status":"publish","type":"page","link":"https:\/\/lifezerosilibrine.eu\/es\/aviso-legal\/","title":{"rendered":"Aviso legal"},"content":{"rendered":"\t\t<div data-elementor-type=\"wp-page\" data-elementor-id=\"1482\" class=\"elementor elementor-1482 elementor-1353\" data-elementor-post-type=\"page\">\n\t\t\t\t\t\t<section class=\"elementor-section elementor-top-section elementor-element elementor-element-6b17f58 elementor-section-height-min-height elementor-section-boxed elementor-section-height-default elementor-section-items-middle\" data-id=\"6b17f58\" data-element_type=\"section\" id=\"top\" data-settings=\"{&quot;background_background&quot;:&quot;classic&quot;}\">\n\t\t\t\t\t\t\t<div class=\"elementor-background-overlay\"><\/div>\n\t\t\t\t\t\t\t<div class=\"elementor-container elementor-column-gap-default\">\n\t\t\t\t\t<div class=\"elementor-column elementor-col-100 elementor-top-column elementor-element elementor-element-b892f71\" data-id=\"b892f71\" data-element_type=\"column\">\n\t\t\t<div class=\"elementor-widget-wrap elementor-element-populated\">\n\t\t\t\t\t\t<div class=\"elementor-element elementor-element-605266cc elementor-widget elementor-widget-heading\" data-id=\"605266cc\" data-element_type=\"widget\" data-widget_type=\"heading.default\">\n\t\t\t\t<div class=\"elementor-widget-container\">\n\t\t\t<h1 class=\"elementor-heading-title elementor-size-default\">Aviso legal<\/h1>\t\t<\/div>\n\t\t\t\t<\/div>\n\t\t\t\t\t<\/div>\n\t\t<\/div>\n\t\t\t\t\t<\/div>\n\t\t<\/section>\n\t\t\t\t<section class=\"elementor-section elementor-top-section elementor-element elementor-element-1becfc93 elementor-section-boxed elementor-section-height-default elementor-section-height-default\" data-id=\"1becfc93\" data-element_type=\"section\" data-settings=\"{&quot;background_background&quot;:&quot;classic&quot;}\">\n\t\t\t\t\t\t\t<div class=\"elementor-background-overlay\"><\/div>\n\t\t\t\t\t\t\t<div class=\"elementor-container elementor-column-gap-default\">\n\t\t\t\t\t<div class=\"elementor-column elementor-col-100 elementor-top-column elementor-element elementor-element-48ed7a41\" data-id=\"48ed7a41\" data-element_type=\"column\">\n\t\t\t<div class=\"elementor-widget-wrap elementor-element-populated\">\n\t\t\t\t\t\t<section class=\"elementor-section elementor-inner-section elementor-element elementor-element-7349072d elementor-section-boxed elementor-section-height-default elementor-section-height-default\" data-id=\"7349072d\" data-element_type=\"section\">\n\t\t\t\t\t\t<div class=\"elementor-container elementor-column-gap-default\">\n\t\t\t\t\t<div class=\"elementor-column elementor-col-100 elementor-inner-column elementor-element elementor-element-3ceb7afe\" data-id=\"3ceb7afe\" data-element_type=\"column\">\n\t\t\t<div class=\"elementor-widget-wrap elementor-element-populated\">\n\t\t\t\t\t\t<div class=\"elementor-element elementor-element-36e7a34d elementor-widget elementor-widget-breadcrumbs\" data-id=\"36e7a34d\" data-element_type=\"widget\" data-widget_type=\"breadcrumbs.default\">\n\t\t\t\t<div class=\"elementor-widget-container\">\n\t\t\t<p id=\"breadcrumbs\"><span><span><a href=\"https:\/\/lifezerosilibrine.eu\/es\/\">Home<\/a><\/span><\/span><\/p>\t\t<\/div>\n\t\t\t\t<\/div>\n\t\t\t\t\t<\/div>\n\t\t<\/div>\n\t\t\t\t\t<\/div>\n\t\t<\/section>\n\t\t\t\t\t<\/div>\n\t\t<\/div>\n\t\t\t\t\t<\/div>\n\t\t<\/section>\n\t\t\t\t<section class=\"elementor-section elementor-top-section elementor-element elementor-element-6f4d339f elementor-section-boxed elementor-section-height-default elementor-section-height-default\" data-id=\"6f4d339f\" data-element_type=\"section\" data-settings=\"{&quot;background_background&quot;:&quot;classic&quot;}\">\n\t\t\t\t\t\t\t<div class=\"elementor-background-overlay\"><\/div>\n\t\t\t\t\t\t\t<div class=\"elementor-container elementor-column-gap-default\">\n\t\t\t\t\t<div class=\"elementor-column elementor-col-100 elementor-top-column elementor-element elementor-element-29be0672\" data-id=\"29be0672\" data-element_type=\"column\">\n\t\t\t<div class=\"elementor-widget-wrap elementor-element-populated\">\n\t\t\t\t\t\t<div class=\"elementor-element elementor-element-12c3fc3c elementor-widget elementor-widget-text-editor\" data-id=\"12c3fc3c\" data-element_type=\"widget\" data-widget_type=\"text-editor.default\">\n\t\t\t\t<div class=\"elementor-widget-container\">\n\t\t\t\t\t\t\t<p>En cumplimiento de la Ley 34\/2002 de 11 de julio, de Servicios de la Sociedad de la Informaci\u00f3n y del Comercio Electr\u00f3nico le comunicamos la siguiente informaci\u00f3n:<\/p><p>Titular de este sitio: Industrias Qu\u00edmicas del Ebro, S.A.<br>Direcci\u00f3n: Pol\u00edgono Industrial de Malpica, calle D, n\u00ba 97<br>C\u00f3digo postal y poblaci\u00f3n: Zaragoza<br>Provincia (Pa\u00eds): Zaragoza (Espa\u00f1a)<br>CIF: A-50006089<br>Tel\u00e9fono: 976 573 625<br>Fax: 902 520 182<br>E-mail: <a href=\"mailto:iqe@iqe.es\">iqe@iqe.es<\/a><br>Web: <a href=\"http:\/\/www.iqe.es\/\">http:\/\/www.iqe.es<\/a><\/p><p>Industrias Qu\u00edmicas del Ebro, S.A. pone este sitio web a disposici\u00f3n de los usuarios de Internet con el fin tanto de proporcionar informaci\u00f3n sobre los productos o servicios ofrecidos por ella, as\u00ed como permitir a los usuarios realizar cualquier tipo de consulta o sugerencia a trav\u00e9s del formulario habilitado al efecto.<\/p><p>Los criterios seguidos por Industrias Qu\u00edmicas del Ebro, S.A. respecto a la utilizaci\u00f3n de los datos personales facilitados libre y voluntariamente por los usuarios son los que se mencionan en su Pol\u00edtica de Privacidad.<\/p><p>Industrias Qu\u00edmicas del Ebro, S.A. podr\u00e1 efectuar, en cualquier momento y sin necesidad de previo aviso, modificaciones y actualizaciones sobre la informaci\u00f3n contenida en este sitio web o en su configuraci\u00f3n o presentaci\u00f3n. En consecuencia, no garantiza la plena eficacia de su p\u00e1gina web ni la inexistencia de algunos errores.<\/p><p>Del mismo modo el titular de este sitio web no se responsabiliza de los da\u00f1os directos o indirectos que puedan derivarse del uso de la p\u00e1gina web o sus contenidos. Tampoco se hace responsable de los da\u00f1os inform\u00e1ticos que pudieran ocasionar al usuario visitante el acceso a los contenidos de este sitio. No controla ni garantiza la ausencia de virus ni de otros elementos en los contenidos que puedan producir alteraciones en su sistema inform\u00e1tico (software y hardware) o en los documentos electr\u00f3nicos y ficheros almacenados en su sistema inform\u00e1tico.<\/p><p>El usuario se compromete a utilizar el sitio web y sus contenidos correctamente. Queda prohibido el uso de la p\u00e1gina web con fines il\u00edcitos o lesivos contra la empresa o cualquier tercero, o aquellos que puedan causar perjuicio o impedir el normal funcionamiento del sitio web. Si contraviene la legislaci\u00f3n vigente, la buena fe, usos, costumbres o el orden p\u00fablico el usuario ser\u00e1 el responsable.<\/p><p>Todo enlace de terceros a este sitio web debe hacerse conforme a la buena fe y respetando los derechos del titular, debiendo comunicarse previamente al titular de este sitio arriba indicado.<\/p><p>El enlace debe contener la indicaci\u00f3n de la fuente \u00abIndustrias Qu\u00edmicas del Ebro, S.A.\u00bb y el efecto de accionar el \u00abbot\u00f3n de enlace\u00bb ser\u00e1 la comunicaci\u00f3n con cualquier p\u00e1gina del sitio web de Industrias Qu\u00edmicas del Ebro, S.A., y no una incorporaci\u00f3n de los contenidos del sitio web en la p\u00e1gina (framing).<\/p><p>Industrias Qu\u00edmicas del Ebro, S.A. no asume ninguna responsabilidad derivada de la conexi\u00f3n o contenidos de los enlaces que desde este sitio web se producen a otros sitios de terceros. La funci\u00f3n de los v\u00ednculos o enlaces es que el usuario obtenga informaci\u00f3n adicional acerca de esos contenidos. Industrias Qu\u00edmicas del Ebro, S.A. no ejerce control alguno sobre dichos sitios web, ni es responsable del contenido de los mismos.<\/p><p>Todos los contenidos que se muestran en este sitio web y en especial, dise\u00f1os, textos, logos, marcas, botones o cualesquiera otros signos susceptibles de utilizaci\u00f3n industrial y comercial est\u00e1n sujetos a derechos de propiedad intelectual e industrial de Industrias Qu\u00edmicas del Ebro, S.A. o de terceros.<\/p><p>En caso de que quiera formular alguna sugerencia o comentario puede contactar con nosotros a trav\u00e9s de un correo electr\u00f3nico a: <a href=\"mailto:iqe@iqe.es\">iqe@iqe.es<\/a><\/p>\t\t\t\t\t\t<\/div>\n\t\t\t\t<\/div>\n\t\t\t\t\t<\/div>\n\t\t<\/div>\n\t\t\t\t\t<\/div>\n\t\t<\/section>\n\t\t\t\t<\/div>\n\t\t","protected":false},"excerpt":{"rendered":"<p>Aviso legal En cumplimiento de la Ley 34\/2002 de 11 de julio, de Servicios de la Sociedad de la Informaci\u00f3n y del Comercio Electr\u00f3nico le comunicamos la siguiente informaci\u00f3n: Titular de este sitio: Industrias Qu\u00edmicas del Ebro, S.A.Direcci\u00f3n: Pol\u00edgono Industrial de Malpica, calle D, n\u00ba 97C\u00f3digo postal y poblaci\u00f3n: ZaragozaProvincia (Pa\u00eds): Zaragoza (Espa\u00f1a)CIF: A-50006089Tel\u00e9fono: 976 [&hellip;]<\/p>\n","protected":false},"author":1,"featured_media":0,"parent":0,"menu_order":0,"comment_status":"closed","ping_status":"closed","template":"","meta":{"footnotes":""},"class_list":["post-1482","page","type-page","status-publish","hentry"],"yoast_head":"<!-- This site is optimized with the Yoast SEO plugin v23.5 - https:\/\/yoast.com\/wordpress\/plugins\/seo\/ -->\n<title>Aviso legal - Life Zero Sili Brine<\/title>\n<meta name=\"robots\" content=\"noindex, nofollow\" \/>\n<meta property=\"og:locale\" content=\"es_ES\" \/>\n<meta property=\"og:type\" content=\"article\" \/>\n<meta property=\"og:title\" content=\"Aviso legal - Life Zero Sili Brine\" \/>\n<meta property=\"og:description\" content=\"Aviso legal En cumplimiento de la Ley 34\/2002 de 11 de julio, de Servicios de la Sociedad de la Informaci\u00f3n y del Comercio Electr\u00f3nico le comunicamos la siguiente informaci\u00f3n: Titular de este sitio: Industrias Qu\u00edmicas del Ebro, S.A.Direcci\u00f3n: Pol\u00edgono Industrial de Malpica, calle D, n\u00ba 97C\u00f3digo postal y poblaci\u00f3n: ZaragozaProvincia (Pa\u00eds): Zaragoza (Espa\u00f1a)CIF: A-50006089Tel\u00e9fono: 976 [&hellip;]\" \/>\n<meta property=\"og:url\" content=\"https:\/\/lifezerosilibrine.eu\/es\/aviso-legal\/\" \/>\n<meta property=\"og:site_name\" content=\"Life Zero Sili Brine\" \/>\n<meta property=\"article:modified_time\" content=\"2022-03-16T09:33:40+00:00\" \/>\n<meta name=\"twitter:card\" content=\"summary_large_image\" \/>\n<meta name=\"twitter:label1\" content=\"Tiempo de lectura\" \/>\n\t<meta name=\"twitter:data1\" content=\"3 minutos\" \/>\n<script type=\"application\/ld+json\" class=\"yoast-schema-graph\">{\"@context\":\"https:\/\/schema.org\",\"@graph\":[{\"@type\":\"WebPage\",\"@id\":\"https:\/\/lifezerosilibrine.eu\/es\/aviso-legal\/\",\"url\":\"https:\/\/lifezerosilibrine.eu\/es\/aviso-legal\/\",\"name\":\"Aviso legal - Life Zero Sili Brine\",\"isPartOf\":{\"@id\":\"https:\/\/lifezerosilibrine.eu\/#website\"},\"datePublished\":\"2022-02-24T14:47:26+00:00\",\"dateModified\":\"2022-03-16T09:33:40+00:00\",\"breadcrumb\":{\"@id\":\"https:\/\/lifezerosilibrine.eu\/es\/aviso-legal\/#breadcrumb\"},\"inLanguage\":\"es\",\"potentialAction\":[{\"@type\":\"ReadAction\",\"target\":[\"https:\/\/lifezerosilibrine.eu\/es\/aviso-legal\/\"]}]},{\"@type\":\"BreadcrumbList\",\"@id\":\"https:\/\/lifezerosilibrine.eu\/es\/aviso-legal\/#breadcrumb\",\"itemListElement\":[{\"@type\":\"ListItem\",\"position\":1,\"name\":\"Home\",\"item\":\"https:\/\/lifezerosilibrine.eu\/es\/\"},{\"@type\":\"ListItem\",\"position\":2,\"name\":\"Aviso legal\"}]},{\"@type\":\"WebSite\",\"@id\":\"https:\/\/lifezerosilibrine.eu\/#website\",\"url\":\"https:\/\/lifezerosilibrine.eu\/\",\"name\":\"Life Zero Sili Brine\",\"description\":\"Tecnolog\u00edas innovadoras para el tratamiento del vertido producido en la producci\u00f3n de s\u00edlice precipitada\",\"publisher\":{\"@id\":\"https:\/\/lifezerosilibrine.eu\/#organization\"},\"potentialAction\":[{\"@type\":\"SearchAction\",\"target\":{\"@type\":\"EntryPoint\",\"urlTemplate\":\"https:\/\/lifezerosilibrine.eu\/?s={search_term_string}\"},\"query-input\":{\"@type\":\"PropertyValueSpecification\",\"valueRequired\":true,\"valueName\":\"search_term_string\"}}],\"inLanguage\":\"es\"},{\"@type\":\"Organization\",\"@id\":\"https:\/\/lifezerosilibrine.eu\/#organization\",\"name\":\"Life Zero Sili Brine\",\"url\":\"https:\/\/lifezerosilibrine.eu\/\",\"logo\":{\"@type\":\"ImageObject\",\"inLanguage\":\"es\",\"@id\":\"https:\/\/lifezerosilibrine.eu\/#\/schema\/logo\/image\/\",\"url\":\"https:\/\/lifezerosilibrine.eu\/wp-content\/uploads\/2022\/03\/logotipo-lifezerosilibrine.png\",\"contentUrl\":\"https:\/\/lifezerosilibrine.eu\/wp-content\/uploads\/2022\/03\/logotipo-lifezerosilibrine.png\",\"width\":1199,\"height\":587,\"caption\":\"Life Zero Sili Brine\"},\"image\":{\"@id\":\"https:\/\/lifezerosilibrine.eu\/#\/schema\/logo\/image\/\"}}]}<\/script>\n<!-- \/ Yoast SEO plugin. -->","yoast_head_json":{"title":"Aviso legal - Life Zero Sili Brine","robots":{"index":"noindex","follow":"nofollow"},"og_locale":"es_ES","og_type":"article","og_title":"Aviso legal - Life Zero Sili Brine","og_description":"Aviso legal En cumplimiento de la Ley 34\/2002 de 11 de julio, de Servicios de la Sociedad de la Informaci\u00f3n y del Comercio Electr\u00f3nico le comunicamos la siguiente informaci\u00f3n: Titular de este sitio: Industrias Qu\u00edmicas del Ebro, S.A.Direcci\u00f3n: Pol\u00edgono Industrial de Malpica, calle D, n\u00ba 97C\u00f3digo postal y poblaci\u00f3n: ZaragozaProvincia (Pa\u00eds): Zaragoza (Espa\u00f1a)CIF: A-50006089Tel\u00e9fono: 976 [&hellip;]","og_url":"https:\/\/lifezerosilibrine.eu\/es\/aviso-legal\/","og_site_name":"Life Zero Sili Brine","article_modified_time":"2022-03-16T09:33:40+00:00","twitter_card":"summary_large_image","twitter_misc":{"Tiempo de lectura":"3 minutos"},"schema":{"@context":"https:\/\/schema.org","@graph":[{"@type":"WebPage","@id":"https:\/\/lifezerosilibrine.eu\/es\/aviso-legal\/","url":"https:\/\/lifezerosilibrine.eu\/es\/aviso-legal\/","name":"Aviso legal - Life Zero Sili Brine","isPartOf":{"@id":"https:\/\/lifezerosilibrine.eu\/#website"},"datePublished":"2022-02-24T14:47:26+00:00","dateModified":"2022-03-16T09:33:40+00:00","breadcrumb":{"@id":"https:\/\/lifezerosilibrine.eu\/es\/aviso-legal\/#breadcrumb"},"inLanguage":"es","potentialAction":[{"@type":"ReadAction","target":["https:\/\/lifezerosilibrine.eu\/es\/aviso-legal\/"]}]},{"@type":"BreadcrumbList","@id":"https:\/\/lifezerosilibrine.eu\/es\/aviso-legal\/#breadcrumb","itemListElement":[{"@type":"ListItem","position":1,"name":"Home","item":"https:\/\/lifezerosilibrine.eu\/es\/"},{"@type":"ListItem","position":2,"name":"Aviso legal"}]},{"@type":"WebSite","@id":"https:\/\/lifezerosilibrine.eu\/#website","url":"https:\/\/lifezerosilibrine.eu\/","name":"Life Zero Sili Brine","description":"Tecnolog\u00edas innovadoras para el tratamiento del vertido producido en la producci\u00f3n de s\u00edlice precipitada","publisher":{"@id":"https:\/\/lifezerosilibrine.eu\/#organization"},"potentialAction":[{"@type":"SearchAction","target":{"@type":"EntryPoint","urlTemplate":"https:\/\/lifezerosilibrine.eu\/?s={search_term_string}"},"query-input":{"@type":"PropertyValueSpecification","valueRequired":true,"valueName":"search_term_string"}}],"inLanguage":"es"},{"@type":"Organization","@id":"https:\/\/lifezerosilibrine.eu\/#organization","name":"Life Zero Sili Brine","url":"https:\/\/lifezerosilibrine.eu\/","logo":{"@type":"ImageObject","inLanguage":"es","@id":"https:\/\/lifezerosilibrine.eu\/#\/schema\/logo\/image\/","url":"https:\/\/lifezerosilibrine.eu\/wp-content\/uploads\/2022\/03\/logotipo-lifezerosilibrine.png","contentUrl":"https:\/\/lifezerosilibrine.eu\/wp-content\/uploads\/2022\/03\/logotipo-lifezerosilibrine.png","width":1199,"height":587,"caption":"Life Zero Sili Brine"},"image":{"@id":"https:\/\/lifezerosilibrine.eu\/#\/schema\/logo\/image\/"}}]}},"_links":{"self":[{"href":"https:\/\/lifezerosilibrine.eu\/es\/wp-json\/wp\/v2\/pages\/1482","targetHints":{"allow":["GET"]}}],"collection":[{"href":"https:\/\/lifezerosilibrine.eu\/es\/wp-json\/wp\/v2\/pages"}],"about":[{"href":"https:\/\/lifezerosilibrine.eu\/es\/wp-json\/wp\/v2\/types\/page"}],"author":[{"embeddable":true,"href":"https:\/\/lifezerosilibrine.eu\/es\/wp-json\/wp\/v2\/users\/1"}],"replies":[{"embeddable":true,"href":"https:\/\/lifezerosilibrine.eu\/es\/wp-json\/wp\/v2\/comments?post=1482"}],"version-history":[{"count":2,"href":"https:\/\/lifezerosilibrine.eu\/es\/wp-json\/wp\/v2\/pages\/1482\/revisions"}],"predecessor-version":[{"id":1484,"href":"https:\/\/lifezerosilibrine.eu\/es\/wp-json\/wp\/v2\/pages\/1482\/revisions\/1484"}],"wp:attachment":[{"href":"https:\/\/lifezerosilibrine.eu\/es\/wp-json\/wp\/v2\/media?parent=1482"}],"curies":[{"name":"wp","href":"https:\/\/api.w.org\/{rel}","templated":true}]}}