{"id":1310,"date":"2022-02-24T12:14:20","date_gmt":"2022-02-24T11:14:20","guid":{"rendered":"https:\/\/lifezerosilibrine.eu\/politica-de-privacidad\/"},"modified":"2022-02-24T16:30:09","modified_gmt":"2022-02-24T15:30:09","slug":"politica-de-privacidad","status":"publish","type":"page","link":"https:\/\/lifezerosilibrine.eu\/es\/politica-de-privacidad\/","title":{"rendered":"Pol\u00edtica de Privacidad"},"content":{"rendered":"\t\t<div data-elementor-type=\"wp-page\" data-elementor-id=\"1310\" class=\"elementor elementor-1310 elementor-1301\" data-elementor-post-type=\"page\">\n\t\t\t\t\t\t<section class=\"elementor-section elementor-top-section elementor-element elementor-element-493a2aea elementor-section-height-min-height elementor-section-boxed elementor-section-height-default elementor-section-items-middle\" data-id=\"493a2aea\" data-element_type=\"section\" id=\"top\" data-settings=\"{&quot;background_background&quot;:&quot;classic&quot;}\">\n\t\t\t\t\t\t\t<div class=\"elementor-background-overlay\"><\/div>\n\t\t\t\t\t\t\t<div class=\"elementor-container elementor-column-gap-default\">\n\t\t\t\t\t<div class=\"elementor-column elementor-col-100 elementor-top-column elementor-element elementor-element-75dea1fc\" data-id=\"75dea1fc\" data-element_type=\"column\">\n\t\t\t<div class=\"elementor-widget-wrap elementor-element-populated\">\n\t\t\t\t\t\t<div class=\"elementor-element elementor-element-12035e97 elementor-widget elementor-widget-heading\" data-id=\"12035e97\" data-element_type=\"widget\" data-widget_type=\"heading.default\">\n\t\t\t\t<div class=\"elementor-widget-container\">\n\t\t\t<h1 class=\"elementor-heading-title elementor-size-default\">Pol\u00edtica de privacidad<\/h1>\t\t<\/div>\n\t\t\t\t<\/div>\n\t\t\t\t\t<\/div>\n\t\t<\/div>\n\t\t\t\t\t<\/div>\n\t\t<\/section>\n\t\t\t\t<section class=\"elementor-section elementor-top-section elementor-element elementor-element-3e1c8548 elementor-section-boxed elementor-section-height-default elementor-section-height-default\" data-id=\"3e1c8548\" data-element_type=\"section\" data-settings=\"{&quot;background_background&quot;:&quot;classic&quot;}\">\n\t\t\t\t\t\t\t<div class=\"elementor-background-overlay\"><\/div>\n\t\t\t\t\t\t\t<div class=\"elementor-container elementor-column-gap-default\">\n\t\t\t\t\t<div class=\"elementor-column elementor-col-100 elementor-top-column elementor-element elementor-element-b573022\" data-id=\"b573022\" data-element_type=\"column\">\n\t\t\t<div class=\"elementor-widget-wrap elementor-element-populated\">\n\t\t\t\t\t\t<section class=\"elementor-section elementor-inner-section elementor-element elementor-element-2b516a98 elementor-section-boxed elementor-section-height-default elementor-section-height-default\" data-id=\"2b516a98\" data-element_type=\"section\">\n\t\t\t\t\t\t<div class=\"elementor-container elementor-column-gap-default\">\n\t\t\t\t\t<div class=\"elementor-column elementor-col-100 elementor-inner-column elementor-element elementor-element-6747f6aa\" data-id=\"6747f6aa\" data-element_type=\"column\">\n\t\t\t<div class=\"elementor-widget-wrap elementor-element-populated\">\n\t\t\t\t\t\t<div class=\"elementor-element elementor-element-42677624 elementor-widget elementor-widget-breadcrumbs\" data-id=\"42677624\" data-element_type=\"widget\" data-widget_type=\"breadcrumbs.default\">\n\t\t\t\t<div class=\"elementor-widget-container\">\n\t\t\t<p id=\"breadcrumbs\"><span><span><a href=\"https:\/\/lifezerosilibrine.eu\/es\/\">Home<\/a><\/span><\/span><\/p>\t\t<\/div>\n\t\t\t\t<\/div>\n\t\t\t\t\t<\/div>\n\t\t<\/div>\n\t\t\t\t\t<\/div>\n\t\t<\/section>\n\t\t\t\t\t<\/div>\n\t\t<\/div>\n\t\t\t\t\t<\/div>\n\t\t<\/section>\n\t\t\t\t<section class=\"elementor-section elementor-top-section elementor-element elementor-element-7c6dd8b4 elementor-section-boxed elementor-section-height-default elementor-section-height-default\" data-id=\"7c6dd8b4\" data-element_type=\"section\" data-settings=\"{&quot;background_background&quot;:&quot;classic&quot;}\">\n\t\t\t\t\t\t\t<div class=\"elementor-background-overlay\"><\/div>\n\t\t\t\t\t\t\t<div class=\"elementor-container elementor-column-gap-default\">\n\t\t\t\t\t<div class=\"elementor-column elementor-col-100 elementor-top-column elementor-element elementor-element-58333f3e\" data-id=\"58333f3e\" data-element_type=\"column\">\n\t\t\t<div class=\"elementor-widget-wrap elementor-element-populated\">\n\t\t\t\t\t\t<div class=\"elementor-element elementor-element-674f3ad elementor-widget elementor-widget-text-editor\" data-id=\"674f3ad\" data-element_type=\"widget\" data-widget_type=\"text-editor.default\">\n\t\t\t\t<div class=\"elementor-widget-container\">\n\t\t\t\t\t\t\t<p><strong>Industrias Qu\u00edmicas del Ebro, S.A.<\/strong> (en adelante, \u201c<strong>IQE<\/strong>), CIF n\u00ba A-50006089, ubicada en el Pol\u00edgono Industrial de Malpica, calle D, n\u00ba 97, 50016, Zaragoza (Espa\u00f1a), en cumplimiento de lo establecido en la legislaci\u00f3n aplicable en materia de protecci\u00f3n de datos, informa al Usuario que es el responsable del tratamiento de los Datos de Car\u00e1cter Personal (en adelante, \u201clos Datos\u201d) que proporcione a trav\u00e9s del Sitio Web <a href=\"http:\/\/www.iqe.es\/\">http:\/\/www.iqe.es<\/a> (en adelante, el \u201c Sitio Web\u201d), as\u00ed como de los Datos a los que IQE acceda como consecuencia de su navegaci\u00f3n (como por ejemplo, la IP o cualquier otro identificador \u00fanico de su dispositivo), o los que obtenga por cualquier otro canal.<\/p><p>A continuaci\u00f3n, se describen las diferentes finalidades con las que se tratan los Datos y las bases que legitiman el tratamiento:<\/p><ol><li><p>Gestionar la relaci\u00f3n contractual con los clientes de IQE y asegurar la prestaci\u00f3n de los productos y servicios contratados, lo que incluye tanto gesti\u00f3n de los servicios ofertados por IQE, como la facturaci\u00f3n, cobro y baja de los mismos. La base legitimadora para este tratamiento es la relaci\u00f3n contractual existente entre IQE y sus clientes.<\/p><p>IQE conservar\u00e1 los datos recabados para dicha finalidad mientras pudiera derivarse alguna responsabilidad derivada de la relaci\u00f3n contractual citada.<\/p><\/li><li><p>Gestionar la relaci\u00f3n comercial con potenciales clientes, atendiendo a las solicitudes de informaci\u00f3n de productos y servicios ofertados por IQE, as\u00ed como gestionando sus sugerencias, quejas o reclamaciones. Asimismo, la base legitimadora para este tratamiento es el consentimiento prestado por los potenciales clientes.<\/p><p>IQE conservar\u00e1 los datos personales recabados para dicha finalidad mientras el interesado no revoque el consentimiento, en su caso, prestado.<\/p><\/li><li><p> Realizar encuestas para conocer las preferencias de nuestros clientes, as\u00ed como su grado de satisfacci\u00f3n con nuestros productos y servicios. La base legal que legitima esta actividad de tratamiento es el inter\u00e9s leg\u00edtimo de IQE en mejorar la oferta comercial y experiencia a sus clientes.<\/p><p>IQE conservar\u00e1 los datos personales recabados para dicha finalidad mientras el interesado no se oponga a dicho tratamiento. <\/p><\/li><li><p> Personalizar y mejorar las herramientas y funcionalidades del Sitio Web. Este tratamiento se realiza en base al inter\u00e9s leg\u00edtimo de IQE de mejorar las funcionalidades y el servicio prestado a los usuarios.<\/p><p>IQE conservar\u00e1 los datos personales recabados para dicha finalidad mientras el interesado no se oponga a dicho tratamiento.<\/p><\/li><\/ol><p>Usted queda informado de que todos los datos que IQE le solicite o le pueda solicitar son necesarios para las finalidades descritas en la presente pol\u00edtica de privacidad y el hecho de no facilitarlos supondr\u00eda la imposibilidad de poder contactar con usted o gestionar la solicitud que realice a IQE. Asimismo, IQE se reserva la facultad de no responder o tramitar las solicitudes que no incluyan los datos que le sean solicitados.<\/p><p>Usted garantiza la veracidad de los datos de car\u00e1cter personal proporcionados a IQE y acepta que IQE pueda peri\u00f3dicamente solicitarle la revisi\u00f3n y actualizaci\u00f3n de los datos personales que sobre usted conserve. <\/p><p>IQE podr\u00e1 comunicar los Datos a terceras partes a las que est\u00e1 obligada a transmitir informaci\u00f3n, como autoridades p\u00fablicas, con la finalidad de dar cumplimiento a los requerimientos de dichas autoridades y a la normativa aplicable, en su caso.<br>Usted podr\u00e1 ejercer sus derechos de acceso, rectificaci\u00f3n, supresi\u00f3n, oposici\u00f3n, limitaci\u00f3n al tratamiento y portabilidad de sus datos, as\u00ed como revocar, en cualquier momento, los consentimientos, en su caso, prestados, mediante solicitud dirigida a Industrias Qu\u00edmicas del Ebro, S.A., con CIF n\u00ba A-50006089 y domicilio social en el Pol\u00edgono Industrial de Malpica, calle D, n\u00ba 97, 50016, Zaragoza, Espa\u00f1a, o a la siguiente direcci\u00f3n de correo electr\u00f3nico <a href=\"mailto:iqe@iqe.es\">iqe@iqe.es<\/a>, adjuntando fotocopia de su documento de identidad. <br>Igualmente, le recordamos la posibilidad de dirigir una reclamaci\u00f3n ante la Agencia Espa\u00f1ola de Protecci\u00f3n de Datos, especialmente cuando considere que IQE no ha satisfecho debidamente el ejercicio de sus derechos. <\/p>\t\t\t\t\t\t<\/div>\n\t\t\t\t<\/div>\n\t\t\t\t\t<\/div>\n\t\t<\/div>\n\t\t\t\t\t<\/div>\n\t\t<\/section>\n\t\t\t\t<\/div>\n\t\t","protected":false},"excerpt":{"rendered":"<p>Pol\u00edtica de privacidad Industrias Qu\u00edmicas del Ebro, S.A. (en adelante, \u201cIQE), CIF n\u00ba A-50006089, ubicada en el Pol\u00edgono Industrial de Malpica, calle D, n\u00ba 97, 50016, Zaragoza (Espa\u00f1a), en cumplimiento de lo establecido en la legislaci\u00f3n aplicable en materia de protecci\u00f3n de datos, informa al Usuario que es el responsable del tratamiento de los Datos [&hellip;]<\/p>\n","protected":false},"author":1,"featured_media":0,"parent":0,"menu_order":0,"comment_status":"closed","ping_status":"closed","template":"","meta":{"footnotes":""},"class_list":["post-1310","page","type-page","status-publish","hentry"],"yoast_head":"<!-- This site is optimized with the Yoast SEO plugin v23.5 - https:\/\/yoast.com\/wordpress\/plugins\/seo\/ -->\n<title>Pol\u00edtica de Privacidad - Life Zero Sili Brine<\/title>\n<meta name=\"robots\" content=\"noindex, nofollow\" \/>\n<meta property=\"og:locale\" content=\"es_ES\" \/>\n<meta property=\"og:type\" content=\"article\" \/>\n<meta property=\"og:title\" content=\"Pol\u00edtica de Privacidad - Life Zero Sili Brine\" \/>\n<meta property=\"og:description\" content=\"Pol\u00edtica de privacidad Industrias Qu\u00edmicas del Ebro, S.A. (en adelante, \u201cIQE), CIF n\u00ba A-50006089, ubicada en el Pol\u00edgono Industrial de Malpica, calle D, n\u00ba 97, 50016, Zaragoza (Espa\u00f1a), en cumplimiento de lo establecido en la legislaci\u00f3n aplicable en materia de protecci\u00f3n de datos, informa al Usuario que es el responsable del tratamiento de los Datos [&hellip;]\" \/>\n<meta property=\"og:url\" content=\"https:\/\/lifezerosilibrine.eu\/politica-de-privacidad\/\" \/>\n<meta property=\"og:site_name\" content=\"Life Zero Sili Brine\" \/>\n<meta property=\"article:modified_time\" content=\"2022-02-24T15:30:09+00:00\" \/>\n<meta name=\"twitter:card\" content=\"summary_large_image\" \/>\n<meta name=\"twitter:label1\" content=\"Tiempo de lectura\" \/>\n\t<meta name=\"twitter:data1\" content=\"3 minutos\" \/>\n<script type=\"application\/ld+json\" class=\"yoast-schema-graph\">{\"@context\":\"https:\/\/schema.org\",\"@graph\":[{\"@type\":\"WebPage\",\"@id\":\"https:\/\/lifezerosilibrine.eu\/politica-de-privacidad\/\",\"url\":\"https:\/\/lifezerosilibrine.eu\/politica-de-privacidad\/\",\"name\":\"Pol\u00edtica de Privacidad - Life Zero Sili Brine\",\"isPartOf\":{\"@id\":\"https:\/\/lifezerosilibrine.eu\/#website\"},\"datePublished\":\"2022-02-24T11:14:20+00:00\",\"dateModified\":\"2022-02-24T15:30:09+00:00\",\"breadcrumb\":{\"@id\":\"https:\/\/lifezerosilibrine.eu\/politica-de-privacidad\/#breadcrumb\"},\"inLanguage\":\"es\",\"potentialAction\":[{\"@type\":\"ReadAction\",\"target\":[\"https:\/\/lifezerosilibrine.eu\/politica-de-privacidad\/\"]}]},{\"@type\":\"BreadcrumbList\",\"@id\":\"https:\/\/lifezerosilibrine.eu\/politica-de-privacidad\/#breadcrumb\",\"itemListElement\":[{\"@type\":\"ListItem\",\"position\":1,\"name\":\"Home\",\"item\":\"https:\/\/lifezerosilibrine.eu\/es\/\"},{\"@type\":\"ListItem\",\"position\":2,\"name\":\"Pol\u00edtica de Privacidad\"}]},{\"@type\":\"WebSite\",\"@id\":\"https:\/\/lifezerosilibrine.eu\/#website\",\"url\":\"https:\/\/lifezerosilibrine.eu\/\",\"name\":\"Life Zero Sili Brine\",\"description\":\"Tecnolog\u00edas innovadoras para el tratamiento del vertido producido en la producci\u00f3n de s\u00edlice precipitada\",\"publisher\":{\"@id\":\"https:\/\/lifezerosilibrine.eu\/#organization\"},\"potentialAction\":[{\"@type\":\"SearchAction\",\"target\":{\"@type\":\"EntryPoint\",\"urlTemplate\":\"https:\/\/lifezerosilibrine.eu\/?s={search_term_string}\"},\"query-input\":{\"@type\":\"PropertyValueSpecification\",\"valueRequired\":true,\"valueName\":\"search_term_string\"}}],\"inLanguage\":\"es\"},{\"@type\":\"Organization\",\"@id\":\"https:\/\/lifezerosilibrine.eu\/#organization\",\"name\":\"Life Zero Sili Brine\",\"url\":\"https:\/\/lifezerosilibrine.eu\/\",\"logo\":{\"@type\":\"ImageObject\",\"inLanguage\":\"es\",\"@id\":\"https:\/\/lifezerosilibrine.eu\/#\/schema\/logo\/image\/\",\"url\":\"https:\/\/lifezerosilibrine.eu\/wp-content\/uploads\/2022\/03\/logotipo-lifezerosilibrine.png\",\"contentUrl\":\"https:\/\/lifezerosilibrine.eu\/wp-content\/uploads\/2022\/03\/logotipo-lifezerosilibrine.png\",\"width\":1199,\"height\":587,\"caption\":\"Life Zero Sili Brine\"},\"image\":{\"@id\":\"https:\/\/lifezerosilibrine.eu\/#\/schema\/logo\/image\/\"}}]}<\/script>\n<!-- \/ Yoast SEO plugin. -->","yoast_head_json":{"title":"Pol\u00edtica de Privacidad - Life Zero Sili Brine","robots":{"index":"noindex","follow":"nofollow"},"og_locale":"es_ES","og_type":"article","og_title":"Pol\u00edtica de Privacidad - Life Zero Sili Brine","og_description":"Pol\u00edtica de privacidad Industrias Qu\u00edmicas del Ebro, S.A. (en adelante, \u201cIQE), CIF n\u00ba A-50006089, ubicada en el Pol\u00edgono Industrial de Malpica, calle D, n\u00ba 97, 50016, Zaragoza (Espa\u00f1a), en cumplimiento de lo establecido en la legislaci\u00f3n aplicable en materia de protecci\u00f3n de datos, informa al Usuario que es el responsable del tratamiento de los Datos [&hellip;]","og_url":"https:\/\/lifezerosilibrine.eu\/politica-de-privacidad\/","og_site_name":"Life Zero Sili Brine","article_modified_time":"2022-02-24T15:30:09+00:00","twitter_card":"summary_large_image","twitter_misc":{"Tiempo de lectura":"3 minutos"},"schema":{"@context":"https:\/\/schema.org","@graph":[{"@type":"WebPage","@id":"https:\/\/lifezerosilibrine.eu\/politica-de-privacidad\/","url":"https:\/\/lifezerosilibrine.eu\/politica-de-privacidad\/","name":"Pol\u00edtica de Privacidad - Life Zero Sili Brine","isPartOf":{"@id":"https:\/\/lifezerosilibrine.eu\/#website"},"datePublished":"2022-02-24T11:14:20+00:00","dateModified":"2022-02-24T15:30:09+00:00","breadcrumb":{"@id":"https:\/\/lifezerosilibrine.eu\/politica-de-privacidad\/#breadcrumb"},"inLanguage":"es","potentialAction":[{"@type":"ReadAction","target":["https:\/\/lifezerosilibrine.eu\/politica-de-privacidad\/"]}]},{"@type":"BreadcrumbList","@id":"https:\/\/lifezerosilibrine.eu\/politica-de-privacidad\/#breadcrumb","itemListElement":[{"@type":"ListItem","position":1,"name":"Home","item":"https:\/\/lifezerosilibrine.eu\/es\/"},{"@type":"ListItem","position":2,"name":"Pol\u00edtica de Privacidad"}]},{"@type":"WebSite","@id":"https:\/\/lifezerosilibrine.eu\/#website","url":"https:\/\/lifezerosilibrine.eu\/","name":"Life Zero Sili Brine","description":"Tecnolog\u00edas innovadoras para el tratamiento del vertido producido en la producci\u00f3n de s\u00edlice precipitada","publisher":{"@id":"https:\/\/lifezerosilibrine.eu\/#organization"},"potentialAction":[{"@type":"SearchAction","target":{"@type":"EntryPoint","urlTemplate":"https:\/\/lifezerosilibrine.eu\/?s={search_term_string}"},"query-input":{"@type":"PropertyValueSpecification","valueRequired":true,"valueName":"search_term_string"}}],"inLanguage":"es"},{"@type":"Organization","@id":"https:\/\/lifezerosilibrine.eu\/#organization","name":"Life Zero Sili Brine","url":"https:\/\/lifezerosilibrine.eu\/","logo":{"@type":"ImageObject","inLanguage":"es","@id":"https:\/\/lifezerosilibrine.eu\/#\/schema\/logo\/image\/","url":"https:\/\/lifezerosilibrine.eu\/wp-content\/uploads\/2022\/03\/logotipo-lifezerosilibrine.png","contentUrl":"https:\/\/lifezerosilibrine.eu\/wp-content\/uploads\/2022\/03\/logotipo-lifezerosilibrine.png","width":1199,"height":587,"caption":"Life Zero Sili Brine"},"image":{"@id":"https:\/\/lifezerosilibrine.eu\/#\/schema\/logo\/image\/"}}]}},"_links":{"self":[{"href":"https:\/\/lifezerosilibrine.eu\/es\/wp-json\/wp\/v2\/pages\/1310","targetHints":{"allow":["GET"]}}],"collection":[{"href":"https:\/\/lifezerosilibrine.eu\/es\/wp-json\/wp\/v2\/pages"}],"about":[{"href":"https:\/\/lifezerosilibrine.eu\/es\/wp-json\/wp\/v2\/types\/page"}],"author":[{"embeddable":true,"href":"https:\/\/lifezerosilibrine.eu\/es\/wp-json\/wp\/v2\/users\/1"}],"replies":[{"embeddable":true,"href":"https:\/\/lifezerosilibrine.eu\/es\/wp-json\/wp\/v2\/comments?post=1310"}],"version-history":[{"count":9,"href":"https:\/\/lifezerosilibrine.eu\/es\/wp-json\/wp\/v2\/pages\/1310\/revisions"}],"predecessor-version":[{"id":1387,"href":"https:\/\/lifezerosilibrine.eu\/es\/wp-json\/wp\/v2\/pages\/1310\/revisions\/1387"}],"wp:attachment":[{"href":"https:\/\/lifezerosilibrine.eu\/es\/wp-json\/wp\/v2\/media?parent=1310"}],"curies":[{"name":"wp","href":"https:\/\/api.w.org\/{rel}","templated":true}]}}